{"id":100,"date":"2016-09-06T17:52:48","date_gmt":"2016-09-06T16:52:48","guid":{"rendered":"http:\/\/www.shiatsu-angers-dufeil.fr\/?page_id=100"},"modified":"2022-11-15T14:14:11","modified_gmt":"2022-11-15T13:14:11","slug":"qui-suis-je-2","status":"publish","type":"page","link":"http:\/\/www.shiatsu-angers-dufeil.fr\/?page_id=100","title":{"rendered":"Mon parcours"},"content":{"rendered":"<p><a href=\"http:\/\/www.shiatsu-angers-dufeil.fr\/wp-content\/uploads\/2022\/11\/Dufeil-7903-4-Ret-9.jpg\"><img loading=\"lazy\" decoding=\"async\" class=\"alignleft  wp-image-246\" src=\"http:\/\/www.shiatsu-angers-dufeil.fr\/wp-content\/uploads\/2022\/11\/Dufeil-7903-4-Ret-9.jpg\" alt=\"\" width=\"321\" height=\"445\" srcset=\"http:\/\/www.shiatsu-angers-dufeil.fr\/wp-content\/uploads\/2022\/11\/Dufeil-7903-4-Ret-9.jpg 1063w, http:\/\/www.shiatsu-angers-dufeil.fr\/wp-content\/uploads\/2022\/11\/Dufeil-7903-4-Ret-9-217x300.jpg 217w, http:\/\/www.shiatsu-angers-dufeil.fr\/wp-content\/uploads\/2022\/11\/Dufeil-7903-4-Ret-9-739x1024.jpg 739w, http:\/\/www.shiatsu-angers-dufeil.fr\/wp-content\/uploads\/2022\/11\/Dufeil-7903-4-Ret-9-768x1063.jpg 768w, http:\/\/www.shiatsu-angers-dufeil.fr\/wp-content\/uploads\/2022\/11\/Dufeil-7903-4-Ret-9-195x270.jpg 195w\" sizes=\"auto, (max-width: 321px) 100vw, 321px\" \/><\/a><\/p>\n<p>Apr\u00e8s avoir explor\u00e9 la philosophie bouddhiste, j&rsquo;ai chemin\u00e9 vers les approches traditionnelles orientales de sant\u00e9. En 2010, sous l&rsquo;effet surprenant d&rsquo;un massage d&rsquo;inspiration chinoise, j&rsquo;ai d\u00e9couvert \u00e0 quel point le corps pouvait garder les traces de ce qui se vit.<br \/>\nJe me suis alors passionn\u00e9e pour la M\u00e9decine Traditionnelle Chinoise et le Shiatsu.<\/p>\n<p>2010 &#8211; 2013 : Formation en Shiatsu Th\u00e9rapeutique, \u00c9cole Angevine de Shiatsu. Certifi\u00e9e FFST.<\/p>\n<p>2010 : d\u00e9but d&rsquo;apprentissage du Yangjia Michuan Taiji Quan, \u00e9l\u00e8ve de Marie-Christine Moutault.<\/p>\n<p>2011 : d\u00e9but d&rsquo;apprentissage du Qi Gong, \u00e9l\u00e8ve de Marie-Christine Moutault.<\/p>\n<p>2014 : devient assistante de Marie-Christine Moutault au sein de l&rsquo;association les Nuages du Wudang.<\/p>\n<p>2016 &#8211; 2019 : Formation d&rsquo;instructrice en Ziran Qigong, \u00e9l\u00e8ve de Ma\u00eetre Liu Deming. Certifi\u00e9e en novembre 2019.<\/p>\n<p>Cursus FAEMC : CQP AEC Qi Gong janvier 2022, Duan 1 de taiji d\u00e9cembre 2021.<\/p>\n","protected":false},"excerpt":{"rendered":"<p>Apr\u00e8s avoir explor\u00e9 la philosophie bouddhiste, j&rsquo;ai chemin\u00e9 vers les approches traditionnelles orientales de sant\u00e9. En 2010, sous l&rsquo;effet surprenant d&rsquo;un massage d&rsquo;inspiration chinoise, j&rsquo;ai d\u00e9couvert \u00e0 quel point le corps pouvait garder les traces de ce qui se vit. Je me suis alors passionn\u00e9e pour la M\u00e9decine Traditionnelle Chinoise et le Shiatsu. 2010 &#8211; 2013 : Formation en Shiatsu Th\u00e9rapeutique, \u00c9cole Angevine de Shiatsu. Certifi\u00e9e FFST. 2010 : d\u00e9but d&rsquo;apprentissage du Yangjia Michuan Taiji Quan, \u00e9l\u00e8ve de Marie-Christine Moutault&#8230;.<\/p>\n<p class=\"read-more\"><a class=\"btn btn-default\" href=\"http:\/\/www.shiatsu-angers-dufeil.fr\/?page_id=100\">Lire la suite<span class=\"screen-reader-text\"> Lire la suite<\/span><\/a><\/p>\n","protected":false},"author":1,"featured_media":0,"parent":0,"menu_order":0,"comment_status":"closed","ping_status":"closed","template":"","meta":{"footnotes":""},"class_list":["post-100","page","type-page","status-publish","hentry"],"aioseo_notices":[],"_links":{"self":[{"href":"http:\/\/www.shiatsu-angers-dufeil.fr\/index.php?rest_route=\/wp\/v2\/pages\/100","targetHints":{"allow":["GET"]}}],"collection":[{"href":"http:\/\/www.shiatsu-angers-dufeil.fr\/index.php?rest_route=\/wp\/v2\/pages"}],"about":[{"href":"http:\/\/www.shiatsu-angers-dufeil.fr\/index.php?rest_route=\/wp\/v2\/types\/page"}],"author":[{"embeddable":true,"href":"http:\/\/www.shiatsu-angers-dufeil.fr\/index.php?rest_route=\/wp\/v2\/users\/1"}],"replies":[{"embeddable":true,"href":"http:\/\/www.shiatsu-angers-dufeil.fr\/index.php?rest_route=%2Fwp%2Fv2%2Fcomments&post=100"}],"version-history":[{"count":15,"href":"http:\/\/www.shiatsu-angers-dufeil.fr\/index.php?rest_route=\/wp\/v2\/pages\/100\/revisions"}],"predecessor-version":[{"id":249,"href":"http:\/\/www.shiatsu-angers-dufeil.fr\/index.php?rest_route=\/wp\/v2\/pages\/100\/revisions\/249"}],"wp:attachment":[{"href":"http:\/\/www.shiatsu-angers-dufeil.fr\/index.php?rest_route=%2Fwp%2Fv2%2Fmedia&parent=100"}],"curies":[{"name":"wp","href":"https:\/\/api.w.org\/{rel}","templated":true}]}}