{"id":20,"date":"2013-11-29T17:54:57","date_gmt":"2013-11-29T16:54:57","guid":{"rendered":"http:\/\/www.shiatsu-angers-dufeil.fr\/?page_id=20"},"modified":"2024-09-09T14:38:10","modified_gmt":"2024-09-09T13:38:10","slug":"shiatsu-a-angers","status":"publish","type":"page","link":"http:\/\/www.shiatsu-angers-dufeil.fr\/","title":{"rendered":"Art traditionnel de sant\u00e9"},"content":{"rendered":"<p><strong><span style=\"font-size: 14.0pt;\">LE SHIATSU<\/span><\/strong><\/p>\n<figure id=\"attachment_105\" aria-describedby=\"caption-attachment-105\" style=\"width: 350px\" class=\"wp-caption alignleft\"><a href=\"http:\/\/www.shiatsu-angers-dufeil.fr\/wp-content\/uploads\/2016\/09\/shiatsu1.jpeg\"><img loading=\"lazy\" decoding=\"async\" class=\"wp-image-105 size-full\" title=\"Shiatsu Traditionnel \u00e0 Angers par Laetitia Dufeil\" src=\"http:\/\/www.shiatsu-angers-dufeil.fr\/wp-content\/uploads\/2016\/09\/shiatsu1.jpeg\" alt=\"shiatsu1\" width=\"350\" height=\"243\" srcset=\"http:\/\/www.shiatsu-angers-dufeil.fr\/wp-content\/uploads\/2016\/09\/shiatsu1.jpeg 350w, http:\/\/www.shiatsu-angers-dufeil.fr\/wp-content\/uploads\/2016\/09\/shiatsu1-300x208.jpeg 300w\" sizes=\"auto, (max-width: 350px) 100vw, 350px\" \/><\/a><figcaption id=\"caption-attachment-105\" class=\"wp-caption-text\"><em>Shiatsu Traditionnel, art de sant\u00e9 et de long\u00e9vit\u00e9.<\/em><\/figcaption><\/figure>\n<p>Le Shiatsu prend sa source dans la M\u00e9decine Traditionnelle Chinoise dont les principes sont les fruits de l&rsquo;observation de la nature et de ses rythmes (Qi, Yin-Yang, les 5 mouvements). La sant\u00e9 est un \u00e9quilibre fragile, reposant sur un \u00ab\u00a0\u00e9cosyst\u00e8me\u00a0\u00bb que le Shiatsu permet de renforcer, en stimulant la circulation du sang et des liquides organiques.<\/p>\n<p>Chaque personne est unique et le Shiatsu consid\u00e8re chacun dans son contexte et sa globalit\u00e9.<\/p>\n<p><strong><span style=\"font-size: 14.0pt;\">PR\u00c9VENTION ET GLOBALIT\u00c9 :<\/span><\/strong><\/p>\n<p>\u00ab\u00a0Le Shiatsu est une technique qui utilise les doigts et les paumes des mains, pour exercer des pressions en des points d\u00e9termin\u00e9s, avec l&rsquo;objectif de corriger des irr\u00e9gularit\u00e9s de l&rsquo;organisme, de pr\u00e9server et d&rsquo;am\u00e9liorer l&rsquo;\u00e9tat de sant\u00e9 et de contribuer \u00e0 l&rsquo;am\u00e9lioration d&rsquo;\u00e9tats morbides sp\u00e9cifiques\u00a0\u00bb, d\u00e9finition issue du livre : <strong>Th\u00e9orie et Pratique du Shiatsu, <\/strong>publi\u00e9 par le Minist\u00e8re japonais de la Sant\u00e9 en 1957.<\/p>\n<p>Le Shiatsu s&rsquo;inscrit avant tout dans une d\u00e9marche pr\u00e9ventive de la sant\u00e9.<\/p>\n<ul>\n<li>Il permet de se pr\u00e9parer aux changements de saisons.<\/li>\n<\/ul>\n<ul>\n<li>Il stimule la circulation de l&rsquo;\u00e9nergie dans le corps et lib\u00e8re des tensions musculaires et tendineuses.<\/li>\n<\/ul>\n<ul>\n<li>Il permet de faire face aux troubles nerveux ou \u00e9motionnels, il peut \u00eatre compl\u00e9mentaire \u00e0 une psychoth\u00e9rapie.<\/li>\n<\/ul>\n<ul>\n<li>Le Shiatsu peut \u00eatre un accompagnement lors de la grossesse, et apr\u00e8s l&rsquo;accouchement.<\/li>\n<\/ul>\n<ul>\n<li>Le Shiatsu peut intervenir en compl\u00e9ment et avec accord du m\u00e9decin traitant, mais ne se substitue en aucun cas \u00e0 tout traitement m\u00e9dical.<\/li>\n<\/ul>\n<ul>\n<li>Le Shiatsu peut se pratiquer sur les enfants.<\/li>\n<\/ul>\n<p>Reconnu officiellement par le Minist\u00e8re japonais de la sant\u00e9 comme m\u00e9decine \u00e0 part enti\u00e8re depuis 1954, le Shiatsu fait partie des m\u00e9decines non-conventionnelles prises en compte par le parlement de Bruxelles ; il est compl\u00e9mentaire des m\u00e9decines occidentales.<\/p>\n<p><!-- [if gte mso 9]><xml>\n<w:LatentStyles DefLockedState=\"false\" LatentStyleCount=\"156\">\n<\/w:LatentStyles>\n<\/xml><![endif]--><!-- [if !mso]><object classid=\"clsid:38481807-CA0E-42D2-BF39-B33AF135CC4D\" id=ieooui><\/object>\n\n\n\n<style>\nst1\\:*{behavior:url(#ieooui) }<br \/><\/style>\n\n\n\n<![endif]--><!-- [if gte mso 10]>\n\n\n\n<style>\n \/* Style Definitions *\/<br \/>table.MsoNormalTable<br \/>{mso-style-name:\"Tableau Normal\";<br \/>mso-tstyle-rowband-size:0;<br \/>mso-tstyle-colband-size:0;<br \/>mso-style-noshow:yes;<br \/>mso-style-parent:\"\";<br \/>mso-padding-alt:0cm 5.4pt 0cm 5.4pt;<br \/>mso-para-margin:0cm;<br \/>mso-para-margin-bottom:.0001pt;<br \/>mso-pagination:widow-orphan;<br \/>font-size:10.0pt;<br \/>font-family:\"Times New Roman\";<br \/>mso-ansi-language:#0400;<br \/>mso-fareast-language:#0400;<br \/>mso-bidi-language:#0400;}<br \/><\/style>\n\n\n\n<![endif]--><\/p>\n","protected":false},"excerpt":{"rendered":"<p>LE SHIATSU Le Shiatsu prend sa source dans la M\u00e9decine Traditionnelle Chinoise dont les principes sont les fruits de l&rsquo;observation de la nature et de ses rythmes (Qi, Yin-Yang, les 5 mouvements). La sant\u00e9 est un \u00e9quilibre fragile, reposant sur un \u00ab\u00a0\u00e9cosyst\u00e8me\u00a0\u00bb que le Shiatsu permet de renforcer, en stimulant la circulation du sang et des liquides organiques. Chaque personne est unique et le Shiatsu consid\u00e8re chacun dans son contexte et sa globalit\u00e9. PR\u00c9VENTION ET GLOBALIT\u00c9 : \u00ab\u00a0Le Shiatsu est&#8230;<\/p>\n<p class=\"read-more\"><a class=\"btn btn-default\" href=\"http:\/\/www.shiatsu-angers-dufeil.fr\/\">Lire la suite<span class=\"screen-reader-text\"> Lire la suite<\/span><\/a><\/p>\n","protected":false},"author":1,"featured_media":0,"parent":0,"menu_order":0,"comment_status":"open","ping_status":"closed","template":"","meta":{"footnotes":""},"class_list":["post-20","page","type-page","status-publish","hentry"],"aioseo_notices":[],"_links":{"self":[{"href":"http:\/\/www.shiatsu-angers-dufeil.fr\/index.php?rest_route=\/wp\/v2\/pages\/20","targetHints":{"allow":["GET"]}}],"collection":[{"href":"http:\/\/www.shiatsu-angers-dufeil.fr\/index.php?rest_route=\/wp\/v2\/pages"}],"about":[{"href":"http:\/\/www.shiatsu-angers-dufeil.fr\/index.php?rest_route=\/wp\/v2\/types\/page"}],"author":[{"embeddable":true,"href":"http:\/\/www.shiatsu-angers-dufeil.fr\/index.php?rest_route=\/wp\/v2\/users\/1"}],"replies":[{"embeddable":true,"href":"http:\/\/www.shiatsu-angers-dufeil.fr\/index.php?rest_route=%2Fwp%2Fv2%2Fcomments&post=20"}],"version-history":[{"count":25,"href":"http:\/\/www.shiatsu-angers-dufeil.fr\/index.php?rest_route=\/wp\/v2\/pages\/20\/revisions"}],"predecessor-version":[{"id":321,"href":"http:\/\/www.shiatsu-angers-dufeil.fr\/index.php?rest_route=\/wp\/v2\/pages\/20\/revisions\/321"}],"wp:attachment":[{"href":"http:\/\/www.shiatsu-angers-dufeil.fr\/index.php?rest_route=%2Fwp%2Fv2%2Fmedia&parent=20"}],"curies":[{"name":"wp","href":"https:\/\/api.w.org\/{rel}","templated":true}]}}