{"id":32,"date":"2013-11-29T18:29:18","date_gmt":"2013-11-29T17:29:18","guid":{"rendered":"http:\/\/www.shiatsu-angers-dufeil.fr\/?page_id=32"},"modified":"2024-09-09T15:26:47","modified_gmt":"2024-09-09T14:26:47","slug":"seances","status":"publish","type":"page","link":"http:\/\/www.shiatsu-angers-dufeil.fr\/?page_id=32","title":{"rendered":"Shiatsu Traditionnel"},"content":{"rendered":"<h2>Petite histoire&#8230;<\/h2>\n<p>C&rsquo;est au c\u0153ur de l&rsquo;Inde que seraient n\u00e9es les plus anciennes disciplines corporelles de sant\u00e9. Alors enseign\u00e9es par les moines bouddhistes, ces techniques\u00a0 voyag\u00e8rent, et se diff\u00e9renci\u00e8rent en fonction du pays dans lequel elles \u00e9voluaient. En Chine, elles se d\u00e9velopp\u00e8rent sous l&rsquo;influence conjugu\u00e9e du Tao\u00efsme et du Confucianisme. Entre 710 et 794, le Japon adopta le syst\u00e8me m\u00e9dical chinois qui utilisait les massages (An-mo et Tuina), la moxibustion et la pharmacop\u00e9e. Progressivement, la technique manuelle chinoise devint japonaise (Anma) et connu son apog\u00e9e \u00e0 l&rsquo;\u00e8re Edo (1616-1867). On retrouve les traces des premiers protocoles de pressions, fondateurs du Shiatsu actuel dans le livre <strong>Ampuku Zuka\u00ef, <\/strong>datant de 1827.<\/p>\n<h2>Aujourd&rsquo;hui&#8230;<\/h2>\n<p><strong>Au del\u00e0 de la d\u00e9tente, le Shiatsu <\/strong>comme accompagnement pour tous les \u00e2ges de la vie, \u00e0 partir de 3 ans.<\/p>\n<ul>\n<li>enfants et adolescents pour leur sant\u00e9 et leur \u00e9quilibre<\/li>\n<li>pour mieux vivre les changements, qu&rsquo;ils soient internes ou externes<\/li>\n<li>pour renforcer le syst\u00e8me immunitaire<\/li>\n<li>pour \u00eatre accompagn\u00e9 diff\u00e9remment lors de pathologies lourdes<\/li>\n<li>pour cheminer vers soi, ralentir, prendre le temps<\/li>\n<\/ul>\n<p>Une \u00e9coute attentive et sinc\u00e8re, des conseils en alimentation, hygi\u00e8ne et mode de vie.<\/p>\n<figure id=\"attachment_159\" aria-describedby=\"caption-attachment-159\" style=\"width: 640px\" class=\"wp-caption alignleft\"><a href=\"http:\/\/www.shiatsu-angers-dufeil.fr\/wp-content\/uploads\/2019\/03\/live-1003646_640.jpg\"><img loading=\"lazy\" decoding=\"async\" class=\"size-full wp-image-159\" src=\"http:\/\/www.shiatsu-angers-dufeil.fr\/wp-content\/uploads\/2019\/03\/live-1003646_640.jpg\" alt=\"\" width=\"640\" height=\"427\" srcset=\"http:\/\/www.shiatsu-angers-dufeil.fr\/wp-content\/uploads\/2019\/03\/live-1003646_640.jpg 640w, http:\/\/www.shiatsu-angers-dufeil.fr\/wp-content\/uploads\/2019\/03\/live-1003646_640-300x200.jpg 300w, http:\/\/www.shiatsu-angers-dufeil.fr\/wp-content\/uploads\/2019\/03\/live-1003646_640-405x270.jpg 405w\" sizes=\"auto, (max-width: 640px) 100vw, 640px\" \/><\/a><figcaption id=\"caption-attachment-159\" class=\"wp-caption-text\"><em>Shiatsu Traditionnel, pour une meilleure vitalit\u00e9<\/em>.<\/figcaption><\/figure>\n<h2>S\u00e9ance de Shiatsu<\/h2>\n<p>La s\u00e9ance de Shiatsu est pr\u00e9c\u00e9d\u00e9e d&rsquo;un temps d&rsquo;\u00e9change qui me permet d&rsquo;\u00e9tablir un bilan \u00e9nerg\u00e9tique, selon les principes de la M\u00e9decine Traditionnelle Chinoise, dans le but d&rsquo;adapter le Shiatsu \u00e0 votre \u00e9tat physique et \u00e9motionnel du moment.<\/p>\n<p>Traditionnellement le Shiatsu se pratique au sol, sur un futon, et le receveur garde ses v\u00eatements. Pour cela, pr\u00e9voyez une tenue souple et confortable.<\/p>\n<p>La s\u00e9ance dans son ensemble dure environ 1h15. Tarif : 55 euros<\/p>\n<p>Je vous re\u00e7ois \u00e0 Angers et Morannes sur Sarthe.<\/p>\n","protected":false},"excerpt":{"rendered":"<p>Petite histoire&#8230; C&rsquo;est au c\u0153ur de l&rsquo;Inde que seraient n\u00e9es les plus anciennes disciplines corporelles de sant\u00e9. Alors enseign\u00e9es par les moines bouddhistes, ces techniques\u00a0 voyag\u00e8rent, et se diff\u00e9renci\u00e8rent en fonction du pays dans lequel elles \u00e9voluaient. En Chine, elles se d\u00e9velopp\u00e8rent sous l&rsquo;influence conjugu\u00e9e du Tao\u00efsme et du Confucianisme. Entre 710 et 794, le Japon adopta le syst\u00e8me m\u00e9dical chinois qui utilisait les massages (An-mo et Tuina), la moxibustion et la pharmacop\u00e9e. Progressivement, la technique manuelle chinoise devint japonaise&#8230;<\/p>\n<p class=\"read-more\"><a class=\"btn btn-default\" href=\"http:\/\/www.shiatsu-angers-dufeil.fr\/?page_id=32\">Lire la suite<span class=\"screen-reader-text\"> Lire la suite<\/span><\/a><\/p>\n","protected":false},"author":1,"featured_media":0,"parent":0,"menu_order":0,"comment_status":"open","ping_status":"open","template":"","meta":{"footnotes":""},"class_list":["post-32","page","type-page","status-publish","hentry"],"aioseo_notices":[],"_links":{"self":[{"href":"http:\/\/www.shiatsu-angers-dufeil.fr\/index.php?rest_route=\/wp\/v2\/pages\/32","targetHints":{"allow":["GET"]}}],"collection":[{"href":"http:\/\/www.shiatsu-angers-dufeil.fr\/index.php?rest_route=\/wp\/v2\/pages"}],"about":[{"href":"http:\/\/www.shiatsu-angers-dufeil.fr\/index.php?rest_route=\/wp\/v2\/types\/page"}],"author":[{"embeddable":true,"href":"http:\/\/www.shiatsu-angers-dufeil.fr\/index.php?rest_route=\/wp\/v2\/users\/1"}],"replies":[{"embeddable":true,"href":"http:\/\/www.shiatsu-angers-dufeil.fr\/index.php?rest_route=%2Fwp%2Fv2%2Fcomments&post=32"}],"version-history":[{"count":22,"href":"http:\/\/www.shiatsu-angers-dufeil.fr\/index.php?rest_route=\/wp\/v2\/pages\/32\/revisions"}],"predecessor-version":[{"id":336,"href":"http:\/\/www.shiatsu-angers-dufeil.fr\/index.php?rest_route=\/wp\/v2\/pages\/32\/revisions\/336"}],"wp:attachment":[{"href":"http:\/\/www.shiatsu-angers-dufeil.fr\/index.php?rest_route=%2Fwp%2Fv2%2Fmedia&parent=32"}],"curies":[{"name":"wp","href":"https:\/\/api.w.org\/{rel}","templated":true}]}}