{"id":79,"date":"2014-04-24T10:45:18","date_gmt":"2014-04-24T09:45:18","guid":{"rendered":"http:\/\/www.shiatsu-angers-dufeil.fr\/?page_id=79"},"modified":"2016-09-08T12:51:52","modified_gmt":"2016-09-08T11:51:52","slug":"sites-amis","status":"publish","type":"page","link":"http:\/\/www.shiatsu-angers-dufeil.fr\/?page_id=79","title":{"rendered":"Sites amis"},"content":{"rendered":"<p><a title=\"site sur le potager biologique\" href=\"http:\/\/www.tous-au-potager.fr\" target=\"_blank\">site sur le potager biologique<\/a><\/p>\n<p><a title=\"l'Escale dans l'air du temps, espace mieux \u00eatre et th\u00e9rapies \u00e0 Grez-Neuville\" href=\"http:\/\/lescale49.canalblog.com\/\" target=\"_blank\">l&rsquo;Escale dans l&rsquo;air du temps, espace mieux \u00eatre et th\u00e9rapies \u00e0 Grez-Neuville<\/a><\/p>\n<p><a title=\"Les Nuages du Wudang, Taiji Quan et QiGong en Anjou\" href=\"http:\/\/www.taiji-qigong-anjou.fr\/\" target=\"_blank\">Les Nuages du Wudang, Taiji Quan et QiGong en Anjou<\/a><\/p>\n<p><a title=\"Centre Xian, lieu d'accueil et d'h\u00e9bergement pour stages et s\u00e9minaires\" href=\"http:\/\/www.centre-xian.fr\/\" target=\"_blank\">Centre Xian, lieu d&rsquo;accueil et d&rsquo;h\u00e9bergement pour stages et s\u00e9minaires<\/a><\/p>\n<p><a title=\"Cl\u00e9s d'Asie, une ouverture culturelle sur l'Asie en Anjou\" href=\"http:\/\/www.clesdasie.fr\/\" target=\"_blank\">Cl\u00e9s d&rsquo;Asie, une ouverture culturelle sur l&rsquo;Asie en Anjou<\/a><\/p>\n","protected":false},"excerpt":{"rendered":"<p>site sur le potager biologique l&rsquo;Escale dans l&rsquo;air du temps, espace mieux \u00eatre et th\u00e9rapies \u00e0 Grez-Neuville Les Nuages du Wudang, Taiji Quan et QiGong en Anjou Centre Xian, lieu d&rsquo;accueil et d&rsquo;h\u00e9bergement pour stages et s\u00e9minaires Cl\u00e9s d&rsquo;Asie, une ouverture culturelle sur l&rsquo;Asie en Anjou<\/p>\n","protected":false},"author":1,"featured_media":0,"parent":0,"menu_order":0,"comment_status":"open","ping_status":"open","template":"","meta":{"footnotes":""},"class_list":["post-79","page","type-page","status-publish","hentry"],"aioseo_notices":[],"_links":{"self":[{"href":"http:\/\/www.shiatsu-angers-dufeil.fr\/index.php?rest_route=\/wp\/v2\/pages\/79","targetHints":{"allow":["GET"]}}],"collection":[{"href":"http:\/\/www.shiatsu-angers-dufeil.fr\/index.php?rest_route=\/wp\/v2\/pages"}],"about":[{"href":"http:\/\/www.shiatsu-angers-dufeil.fr\/index.php?rest_route=\/wp\/v2\/types\/page"}],"author":[{"embeddable":true,"href":"http:\/\/www.shiatsu-angers-dufeil.fr\/index.php?rest_route=\/wp\/v2\/users\/1"}],"replies":[{"embeddable":true,"href":"http:\/\/www.shiatsu-angers-dufeil.fr\/index.php?rest_route=%2Fwp%2Fv2%2Fcomments&post=79"}],"version-history":[{"count":3,"href":"http:\/\/www.shiatsu-angers-dufeil.fr\/index.php?rest_route=\/wp\/v2\/pages\/79\/revisions"}],"predecessor-version":[{"id":115,"href":"http:\/\/www.shiatsu-angers-dufeil.fr\/index.php?rest_route=\/wp\/v2\/pages\/79\/revisions\/115"}],"wp:attachment":[{"href":"http:\/\/www.shiatsu-angers-dufeil.fr\/index.php?rest_route=%2Fwp%2Fv2%2Fmedia&parent=79"}],"curies":[{"name":"wp","href":"https:\/\/api.w.org\/{rel}","templated":true}]}}